{"id":3919,"date":"2014-01-27T14:15:04","date_gmt":"2014-01-27T13:15:04","guid":{"rendered":"http:\/\/kuglarstwo.pl\/?page_id=3919"},"modified":"2014-06-06T11:16:57","modified_gmt":"2014-06-06T09:16:57","slug":"pokazy","status":"publish","type":"page","link":"https:\/\/kuglarstwo.pl\/portal\/warsztaty-i-pokazy\/pokazy","title":{"rendered":"Pokazy"},"content":{"rendered":"<h3 style=\"text-align: left;\" align=\"CENTER\">Pokazy i animacje.<\/h3>\n<p style=\"text-align: left;\" align=\"CENTER\">Zajmuj\u0105c si\u0119 kuglarstwem na co dzie\u0144, zdobywamy wiele r\u00f3\u017cnych umiej\u0119tno\u015b\u0107; jeste\u015bmy artystami cyrkowymi, \u017conglerami, szczudlarzami, tancerzami ognia czy monocyklistami. Umiemy je ogra\u0107 na wiele sposob\u00f3w i pokaza\u0107 tak by wzbudzi\u0107 zainteresowanie i zaciekawienie.<\/p>\n<p style=\"text-align: left;\" align=\"CENTER\">Prezentujemy nasze mo\u017cliwo\u015bci podczas pokaz\u00f3w do muzyki, gdzie etiudy mog\u0119 mie\u0107 r\u00f3\u017cny czas i charakter.<br \/>\nCzynnie dzia\u0142amy jako animatorzy gdzie rekwizyty i umiej\u0119tno\u015b\u0107 bezpo\u015bredniej rozmowy z lud\u017ami pozwala nam ich zadziwia\u0107 i prezentowa\u0107 sztuczki tu\u017c przed ich oczami.<\/p>\n<p style=\"text-align: center;\" align=\"CENTER\">W celu ustalenia szczeg\u00f3\u0142\u00f3w naszych atrakcji artystycznych prosimy o kontakt mailowy na adres <a href=\"mailto:kuglarstwo@gmail.com\">kuglarstwo@gmail.com<\/a> postaramy si\u0119 odpowiedzie\u0107 jak najszybciej.<\/p>\n<div id='gallery-1' class='gallery galleryid-3919 gallery-columns-3 gallery-size-thumbnail'><figure class='gallery-item'>\n\t\t\t<div class='gallery-icon portrait'>\n\t\t\t\t<a href='https:\/\/kuglarstwo.pl\/portal\/wp-content\/uploads\/2013\/09\/Kuglarze_M_001.jpg'><img loading=\"lazy\" decoding=\"async\" width=\"150\" height=\"150\" src=\"https:\/\/kuglarstwo.pl\/portal\/wp-content\/uploads\/2013\/09\/Kuglarze_M_001-150x150.jpg\" class=\"attachment-thumbnail size-thumbnail\" alt=\"\" srcset=\"https:\/\/kuglarstwo.pl\/portal\/wp-content\/uploads\/2013\/09\/Kuglarze_M_001-150x150.jpg 150w, https:\/\/kuglarstwo.pl\/portal\/wp-content\/uploads\/2013\/09\/Kuglarze_M_001-40x40.jpg 40w, https:\/\/kuglarstwo.pl\/portal\/wp-content\/uploads\/2013\/09\/Kuglarze_M_001-120x120.jpg 120w\" sizes=\"auto, (max-width: 150px) 100vw, 150px\" \/><\/a>\n\t\t\t<\/div><\/figure><figure class='gallery-item'>\n\t\t\t<div class='gallery-icon landscape'>\n\t\t\t\t<a href='https:\/\/kuglarstwo.pl\/portal\/wp-content\/uploads\/2014\/01\/258696_446518862057815_996757222_o.jpg'><img loading=\"lazy\" decoding=\"async\" width=\"150\" height=\"150\" src=\"https:\/\/kuglarstwo.pl\/portal\/wp-content\/uploads\/2014\/01\/258696_446518862057815_996757222_o-150x150.jpg\" class=\"attachment-thumbnail size-thumbnail\" alt=\"\" srcset=\"https:\/\/kuglarstwo.pl\/portal\/wp-content\/uploads\/2014\/01\/258696_446518862057815_996757222_o-150x150.jpg 150w, https:\/\/kuglarstwo.pl\/portal\/wp-content\/uploads\/2014\/01\/258696_446518862057815_996757222_o-40x40.jpg 40w, https:\/\/kuglarstwo.pl\/portal\/wp-content\/uploads\/2014\/01\/258696_446518862057815_996757222_o-120x120.jpg 120w\" sizes=\"auto, (max-width: 150px) 100vw, 150px\" \/><\/a>\n\t\t\t<\/div><\/figure><figure class='gallery-item'>\n\t\t\t<div class='gallery-icon landscape'>\n\t\t\t\t<a href='https:\/\/kuglarstwo.pl\/portal\/wp-content\/uploads\/2014\/01\/10276016_686690194700460_5289765385889240199_n-e1402046183787.jpg'><img loading=\"lazy\" decoding=\"async\" width=\"150\" height=\"150\" src=\"https:\/\/kuglarstwo.pl\/portal\/wp-content\/uploads\/2014\/01\/10276016_686690194700460_5289765385889240199_n-150x150.jpg\" class=\"attachment-thumbnail size-thumbnail\" alt=\"\" srcset=\"https:\/\/kuglarstwo.pl\/portal\/wp-content\/uploads\/2014\/01\/10276016_686690194700460_5289765385889240199_n-150x150.jpg 150w, https:\/\/kuglarstwo.pl\/portal\/wp-content\/uploads\/2014\/01\/10276016_686690194700460_5289765385889240199_n-40x40.jpg 40w, https:\/\/kuglarstwo.pl\/portal\/wp-content\/uploads\/2014\/01\/10276016_686690194700460_5289765385889240199_n-120x120.jpg 120w\" sizes=\"auto, (max-width: 150px) 100vw, 150px\" \/><\/a>\n\t\t\t<\/div><\/figure><figure class='gallery-item'>\n\t\t\t<div class='gallery-icon landscape'>\n\t\t\t\t<a href='https:\/\/kuglarstwo.pl\/portal\/wp-content\/uploads\/2014\/01\/SG209230.jpg'><img loading=\"lazy\" decoding=\"async\" width=\"150\" height=\"150\" src=\"https:\/\/kuglarstwo.pl\/portal\/wp-content\/uploads\/2014\/01\/SG209230-150x150.jpg\" class=\"attachment-thumbnail size-thumbnail\" alt=\"\" srcset=\"https:\/\/kuglarstwo.pl\/portal\/wp-content\/uploads\/2014\/01\/SG209230-150x150.jpg 150w, https:\/\/kuglarstwo.pl\/portal\/wp-content\/uploads\/2014\/01\/SG209230-40x40.jpg 40w, https:\/\/kuglarstwo.pl\/portal\/wp-content\/uploads\/2014\/01\/SG209230-120x120.jpg 120w\" sizes=\"auto, (max-width: 150px) 100vw, 150px\" \/><\/a>\n\t\t\t<\/div><\/figure><figure class='gallery-item'>\n\t\t\t<div class='gallery-icon landscape'>\n\t\t\t\t<a href='https:\/\/kuglarstwo.pl\/portal\/wp-content\/uploads\/2014\/01\/1ola-e1402046202807.jpg'><img loading=\"lazy\" decoding=\"async\" width=\"150\" height=\"150\" src=\"https:\/\/kuglarstwo.pl\/portal\/wp-content\/uploads\/2014\/01\/1ola-150x150.jpg\" class=\"attachment-thumbnail size-thumbnail\" alt=\"\" srcset=\"https:\/\/kuglarstwo.pl\/portal\/wp-content\/uploads\/2014\/01\/1ola-150x150.jpg 150w, https:\/\/kuglarstwo.pl\/portal\/wp-content\/uploads\/2014\/01\/1ola-40x40.jpg 40w, https:\/\/kuglarstwo.pl\/portal\/wp-content\/uploads\/2014\/01\/1ola-120x120.jpg 120w\" sizes=\"auto, (max-width: 150px) 100vw, 150px\" \/><\/a>\n\t\t\t<\/div><\/figure><figure class='gallery-item'>\n\t\t\t<div class='gallery-icon landscape'>\n\t\t\t\t<a href='https:\/\/kuglarstwo.pl\/portal\/wp-content\/uploads\/2014\/01\/Kuglarze_M_028-e1402046210326.jpg'><img loading=\"lazy\" decoding=\"async\" width=\"150\" height=\"150\" src=\"https:\/\/kuglarstwo.pl\/portal\/wp-content\/uploads\/2014\/01\/Kuglarze_M_028-150x150.jpg\" class=\"attachment-thumbnail size-thumbnail\" alt=\"\" srcset=\"https:\/\/kuglarstwo.pl\/portal\/wp-content\/uploads\/2014\/01\/Kuglarze_M_028-150x150.jpg 150w, https:\/\/kuglarstwo.pl\/portal\/wp-content\/uploads\/2014\/01\/Kuglarze_M_028-40x40.jpg 40w, https:\/\/kuglarstwo.pl\/portal\/wp-content\/uploads\/2014\/01\/Kuglarze_M_028-120x120.jpg 120w\" sizes=\"auto, (max-width: 150px) 100vw, 150px\" \/><\/a>\n\t\t\t<\/div><\/figure>\n\t\t<\/div>\n\n","protected":false},"excerpt":{"rendered":"<p>Pokazy i animacje. Zajmuj\u0105c si\u0119 kuglarstwem na co dzie\u0144, zdobywamy wiele r\u00f3\u017cnych umiej\u0119tno\u015b\u0107; jeste\u015bmy artystami cyrkowymi, \u017conglerami, szczudlarzami, tancerzami ognia czy monocyklistami. Umiemy je ogra\u0107 na wiele sposob\u00f3w i pokaza\u0107 tak by wzbudzi\u0107 zainteresowanie i zaciekawienie. Prezentujemy nasze mo\u017cliwo\u015bci podczas pokaz\u00f3w do muzyki, gdzie etiudy mog\u0119 mie\u0107 r\u00f3\u017cny czas i charakter. Czynnie dzia\u0142amy jako animatorzy [&hellip;]<\/p>\n","protected":false},"author":1,"featured_media":0,"parent":3923,"menu_order":0,"comment_status":"open","ping_status":"closed","template":"","meta":{"footnotes":""},"class_list":["post-3919","page","type-page","status-publish"],"yoast_head":"<!-- This site is optimized with the Yoast SEO plugin v23.7 - https:\/\/yoast.com\/wordpress\/plugins\/seo\/ -->\n<title>Pokazy - Kuglarstwo<\/title>\n<meta name=\"robots\" content=\"index, follow, max-snippet:-1, max-image-preview:large, max-video-preview:-1\" \/>\n<link rel=\"canonical\" href=\"https:\/\/kuglarstwo.pl\/portal\/warsztaty-i-pokazy\/pokazy\" \/>\n<meta property=\"og:locale\" content=\"pl_PL\" \/>\n<meta property=\"og:type\" content=\"article\" \/>\n<meta property=\"og:title\" content=\"Pokazy - Kuglarstwo\" \/>\n<meta property=\"og:description\" content=\"Pokazy i animacje. Zajmuj\u0105c si\u0119 kuglarstwem na co dzie\u0144, zdobywamy wiele r\u00f3\u017cnych umiej\u0119tno\u015b\u0107; jeste\u015bmy artystami cyrkowymi, \u017conglerami, szczudlarzami, tancerzami ognia czy monocyklistami. Umiemy je ogra\u0107 na wiele sposob\u00f3w i pokaza\u0107 tak by wzbudzi\u0107 zainteresowanie i zaciekawienie. Prezentujemy nasze mo\u017cliwo\u015bci podczas pokaz\u00f3w do muzyki, gdzie etiudy mog\u0119 mie\u0107 r\u00f3\u017cny czas i charakter. Czynnie dzia\u0142amy jako animatorzy [&hellip;]\" \/>\n<meta property=\"og:url\" content=\"https:\/\/kuglarstwo.pl\/portal\/warsztaty-i-pokazy\/pokazy\" \/>\n<meta property=\"og:site_name\" content=\"Kuglarstwo\" \/>\n<meta property=\"article:publisher\" content=\"https:\/\/facebook.com\/kuglarstwo\" \/>\n<meta property=\"article:modified_time\" content=\"2014-06-06T09:16:57+00:00\" \/>\n<meta property=\"og:image\" content=\"https:\/\/kuglarstwo.pl\/portal\/wp-content\/uploads\/2013\/09\/Kuglarze_M_001-150x150.jpg\" \/>\n<script type=\"application\/ld+json\" class=\"yoast-schema-graph\">{\"@context\":\"https:\/\/schema.org\",\"@graph\":[{\"@type\":\"WebPage\",\"@id\":\"https:\/\/kuglarstwo.pl\/portal\/warsztaty-i-pokazy\/pokazy\",\"url\":\"https:\/\/kuglarstwo.pl\/portal\/warsztaty-i-pokazy\/pokazy\",\"name\":\"Pokazy - Kuglarstwo\",\"isPartOf\":{\"@id\":\"https:\/\/kuglarstwo.pl\/portal\/#website\"},\"datePublished\":\"2014-01-27T13:15:04+00:00\",\"dateModified\":\"2014-06-06T09:16:57+00:00\",\"breadcrumb\":{\"@id\":\"https:\/\/kuglarstwo.pl\/portal\/warsztaty-i-pokazy\/pokazy#breadcrumb\"},\"inLanguage\":\"pl-PL\",\"potentialAction\":[{\"@type\":\"ReadAction\",\"target\":[\"https:\/\/kuglarstwo.pl\/portal\/warsztaty-i-pokazy\/pokazy\"]}]},{\"@type\":\"BreadcrumbList\",\"@id\":\"https:\/\/kuglarstwo.pl\/portal\/warsztaty-i-pokazy\/pokazy#breadcrumb\",\"itemListElement\":[{\"@type\":\"ListItem\",\"position\":1,\"name\":\"Strona g\u0142\u00f3wna\",\"item\":\"https:\/\/kuglarstwo.pl\/portal\/\"},{\"@type\":\"ListItem\",\"position\":2,\"name\":\"Warsztaty i pokazy\"},{\"@type\":\"ListItem\",\"position\":3,\"name\":\"Pokazy\"}]},{\"@type\":\"WebSite\",\"@id\":\"https:\/\/kuglarstwo.pl\/portal\/#website\",\"url\":\"https:\/\/kuglarstwo.pl\/portal\/\",\"name\":\"Kuglarstwo\",\"description\":\"zara\u017camy pasj\u0105 do cyrku, \u017conglerki, iluzji i wielu innych\",\"publisher\":{\"@id\":\"https:\/\/kuglarstwo.pl\/portal\/#organization\"},\"potentialAction\":[{\"@type\":\"SearchAction\",\"target\":{\"@type\":\"EntryPoint\",\"urlTemplate\":\"https:\/\/kuglarstwo.pl\/portal\/?s={search_term_string}\"},\"query-input\":{\"@type\":\"PropertyValueSpecification\",\"valueRequired\":true,\"valueName\":\"search_term_string\"}}],\"inLanguage\":\"pl-PL\"},{\"@type\":\"Organization\",\"@id\":\"https:\/\/kuglarstwo.pl\/portal\/#organization\",\"name\":\"Kuglarstwo\",\"url\":\"https:\/\/kuglarstwo.pl\/portal\/\",\"logo\":{\"@type\":\"ImageObject\",\"inLanguage\":\"pl-PL\",\"@id\":\"https:\/\/kuglarstwo.pl\/portal\/#\/schema\/logo\/image\/\",\"url\":\"https:\/\/kuglarstwo.pl\/portal\/wp-content\/uploads\/2022\/07\/Kuglarstwo-logo-gradient-poziom.png\",\"contentUrl\":\"https:\/\/kuglarstwo.pl\/portal\/wp-content\/uploads\/2022\/07\/Kuglarstwo-logo-gradient-poziom.png\",\"width\":999,\"height\":510,\"caption\":\"Kuglarstwo\"},\"image\":{\"@id\":\"https:\/\/kuglarstwo.pl\/portal\/#\/schema\/logo\/image\/\"},\"sameAs\":[\"https:\/\/facebook.com\/kuglarstwo\",\"http:\/\/instagram.com\/kuglarstwo\",\"http:\/\/tiktok.com\/@kuglarstwo\"]}]}<\/script>\n<!-- \/ Yoast SEO plugin. -->","yoast_head_json":{"title":"Pokazy - Kuglarstwo","robots":{"index":"index","follow":"follow","max-snippet":"max-snippet:-1","max-image-preview":"max-image-preview:large","max-video-preview":"max-video-preview:-1"},"canonical":"https:\/\/kuglarstwo.pl\/portal\/warsztaty-i-pokazy\/pokazy","og_locale":"pl_PL","og_type":"article","og_title":"Pokazy - Kuglarstwo","og_description":"Pokazy i animacje. Zajmuj\u0105c si\u0119 kuglarstwem na co dzie\u0144, zdobywamy wiele r\u00f3\u017cnych umiej\u0119tno\u015b\u0107; jeste\u015bmy artystami cyrkowymi, \u017conglerami, szczudlarzami, tancerzami ognia czy monocyklistami. Umiemy je ogra\u0107 na wiele sposob\u00f3w i pokaza\u0107 tak by wzbudzi\u0107 zainteresowanie i zaciekawienie. Prezentujemy nasze mo\u017cliwo\u015bci podczas pokaz\u00f3w do muzyki, gdzie etiudy mog\u0119 mie\u0107 r\u00f3\u017cny czas i charakter. Czynnie dzia\u0142amy jako animatorzy [&hellip;]","og_url":"https:\/\/kuglarstwo.pl\/portal\/warsztaty-i-pokazy\/pokazy","og_site_name":"Kuglarstwo","article_publisher":"https:\/\/facebook.com\/kuglarstwo","article_modified_time":"2014-06-06T09:16:57+00:00","og_image":[{"url":"https:\/\/kuglarstwo.pl\/portal\/wp-content\/uploads\/2013\/09\/Kuglarze_M_001-150x150.jpg"}],"schema":{"@context":"https:\/\/schema.org","@graph":[{"@type":"WebPage","@id":"https:\/\/kuglarstwo.pl\/portal\/warsztaty-i-pokazy\/pokazy","url":"https:\/\/kuglarstwo.pl\/portal\/warsztaty-i-pokazy\/pokazy","name":"Pokazy - Kuglarstwo","isPartOf":{"@id":"https:\/\/kuglarstwo.pl\/portal\/#website"},"datePublished":"2014-01-27T13:15:04+00:00","dateModified":"2014-06-06T09:16:57+00:00","breadcrumb":{"@id":"https:\/\/kuglarstwo.pl\/portal\/warsztaty-i-pokazy\/pokazy#breadcrumb"},"inLanguage":"pl-PL","potentialAction":[{"@type":"ReadAction","target":["https:\/\/kuglarstwo.pl\/portal\/warsztaty-i-pokazy\/pokazy"]}]},{"@type":"BreadcrumbList","@id":"https:\/\/kuglarstwo.pl\/portal\/warsztaty-i-pokazy\/pokazy#breadcrumb","itemListElement":[{"@type":"ListItem","position":1,"name":"Strona g\u0142\u00f3wna","item":"https:\/\/kuglarstwo.pl\/portal\/"},{"@type":"ListItem","position":2,"name":"Warsztaty i pokazy"},{"@type":"ListItem","position":3,"name":"Pokazy"}]},{"@type":"WebSite","@id":"https:\/\/kuglarstwo.pl\/portal\/#website","url":"https:\/\/kuglarstwo.pl\/portal\/","name":"Kuglarstwo","description":"zara\u017camy pasj\u0105 do cyrku, \u017conglerki, iluzji i wielu innych","publisher":{"@id":"https:\/\/kuglarstwo.pl\/portal\/#organization"},"potentialAction":[{"@type":"SearchAction","target":{"@type":"EntryPoint","urlTemplate":"https:\/\/kuglarstwo.pl\/portal\/?s={search_term_string}"},"query-input":{"@type":"PropertyValueSpecification","valueRequired":true,"valueName":"search_term_string"}}],"inLanguage":"pl-PL"},{"@type":"Organization","@id":"https:\/\/kuglarstwo.pl\/portal\/#organization","name":"Kuglarstwo","url":"https:\/\/kuglarstwo.pl\/portal\/","logo":{"@type":"ImageObject","inLanguage":"pl-PL","@id":"https:\/\/kuglarstwo.pl\/portal\/#\/schema\/logo\/image\/","url":"https:\/\/kuglarstwo.pl\/portal\/wp-content\/uploads\/2022\/07\/Kuglarstwo-logo-gradient-poziom.png","contentUrl":"https:\/\/kuglarstwo.pl\/portal\/wp-content\/uploads\/2022\/07\/Kuglarstwo-logo-gradient-poziom.png","width":999,"height":510,"caption":"Kuglarstwo"},"image":{"@id":"https:\/\/kuglarstwo.pl\/portal\/#\/schema\/logo\/image\/"},"sameAs":["https:\/\/facebook.com\/kuglarstwo","http:\/\/instagram.com\/kuglarstwo","http:\/\/tiktok.com\/@kuglarstwo"]}]}},"_links":{"self":[{"href":"https:\/\/kuglarstwo.pl\/portal\/wp-json\/wp\/v2\/pages\/3919","targetHints":{"allow":["GET"]}}],"collection":[{"href":"https:\/\/kuglarstwo.pl\/portal\/wp-json\/wp\/v2\/pages"}],"about":[{"href":"https:\/\/kuglarstwo.pl\/portal\/wp-json\/wp\/v2\/types\/page"}],"author":[{"embeddable":true,"href":"https:\/\/kuglarstwo.pl\/portal\/wp-json\/wp\/v2\/users\/1"}],"replies":[{"embeddable":true,"href":"https:\/\/kuglarstwo.pl\/portal\/wp-json\/wp\/v2\/comments?post=3919"}],"version-history":[{"count":9,"href":"https:\/\/kuglarstwo.pl\/portal\/wp-json\/wp\/v2\/pages\/3919\/revisions"}],"predecessor-version":[{"id":7460,"href":"https:\/\/kuglarstwo.pl\/portal\/wp-json\/wp\/v2\/pages\/3919\/revisions\/7460"}],"up":[{"embeddable":true,"href":"https:\/\/kuglarstwo.pl\/portal\/wp-json\/wp\/v2\/pages\/3923"}],"wp:attachment":[{"href":"https:\/\/kuglarstwo.pl\/portal\/wp-json\/wp\/v2\/media?parent=3919"}],"curies":[{"name":"wp","href":"https:\/\/api.w.org\/{rel}","templated":true}]}}